{"id":55,"date":"2016-12-02T13:37:39","date_gmt":"2016-12-02T05:37:39","guid":{"rendered":"http:\/\/rt18-t1028.bshark.com\/?page_id=55"},"modified":"2024-08-23T16:13:12","modified_gmt":"2024-08-23T08:13:12","slug":"about-us","status":"publish","type":"page","link":"https:\/\/www.sanait.com\/fr\/about-us\/","title":{"rendered":"A propos de nous"},"content":{"rendered":"<p><strong>Sanait Co.,Ltd<\/strong> est un fabricant professionnel de <strong><a href=\"https:\/\/www.sanait.com\/fr\/products\/\" target=\"_blank\" rel=\"noreferrer noopener\">pr\u00e9sentoirs en acrylique<\/a><\/strong> et <strong><a href=\"https:\/\/www.sanait.com\/fr\/product\/acrylic-box\/\" target=\"_blank\" rel=\"noreferrer noopener\">bo\u00eetes en acrylique<\/a><\/strong>. Notre usine est situ\u00e9e \u00e0 Dongguan, dans la province de Guangdong, en Chine. Nous nous engageons \u00e0 fournir des produits acryliques personnalis\u00e9s de haute qualit\u00e9 et un service \u00e0 la client\u00e8le exceptionnel. Nous fabriquons des supports en acrylique, des bo\u00eetes en acrylique, des blocs en acrylique, du plexiglas d\u00e9coup\u00e9 au laser, des supports en perspex, des \u00e9tuis en lucite, des bo\u00eetes de pr\u00e9sentation en perspex, des plateaux de service personnalis\u00e9s, des conteneurs en plexiglas, des supports de maquillage, des organisateurs de produits cosm\u00e9tiques, des porte-brochures, des supports pour bijoux, des supports pour aliments, des cadres photo, des fournitures pour h\u00f4tels et cantines, des troph\u00e9es, des aquariums, des plateaux de service en lucite et d'autres produits de fabrication, etc.<\/p>\n\n\n\n<p>Nous avons plus de 10 ans d'exp\u00e9rience dans le secteur et nous am\u00e9liorons constamment notre qualit\u00e9 pour r\u00e9pondre aux besoins en constante \u00e9volution de nos clients. Nos installations de fabrication ultramodernes nous permettent de fabriquer des produits de la plus haute qualit\u00e9, et nos processus de contr\u00f4le de la qualit\u00e9 rigoureux garantissent que chaque produit qui quitte notre usine r\u00e9pond aux normes les plus strictes.<\/p>\n\n\n\n<p>Notre mission est de cr\u00e9er des produits innovants et de haute qualit\u00e9 qui am\u00e9liorent l'exp\u00e9rience globale de nos clients. Nous croyons en une exp\u00e9rience de service \u00e0 la client\u00e8le chaleureuse et accueillante et sommes toujours heureux de r\u00e9pondre \u00e0 vos questions ou \u00e0 vos pr\u00e9occupations.<\/p>\n\n\n\n<p>Chez Sanait, nous sommes fiers de notre qualit\u00e9 et nous nous engageons \u00e0 fournir \u00e0 nos clients la meilleure exp\u00e9rience possible. Si vous avez des questions sur nos articles ou si vous souhaitez passer une commande, n'h\u00e9sitez pas \u00e0 nous contacter.<\/p>\n\n\n\n<p>Merci d'avoir pens\u00e9 \u00e0 Sanait. Nous nous r\u00e9jouissons de pouvoir vous servir !<\/p>\n\n\n<div class=\"wp-block-image\">\n<figure class=\"aligncenter\"><img decoding=\"async\" width=\"750\" height=\"614\" src=\"https:\/\/www.sanait.com\/wp-content\/uploads\/2024\/08\/Our-Workshop-1.webp\" alt=\"Notre atelier\" class=\"wp-image-20193\" srcset=\"https:\/\/www.sanait.com\/wp-content\/uploads\/2024\/08\/Our-Workshop-1.webp 750w, https:\/\/www.sanait.com\/wp-content\/uploads\/2024\/08\/Our-Workshop-1-400x327.webp 400w, https:\/\/www.sanait.com\/wp-content\/uploads\/2024\/08\/Our-Workshop-1-200x164.webp 200w, https:\/\/www.sanait.com\/wp-content\/uploads\/2024\/08\/Our-Workshop-1-15x12.webp 15w\" sizes=\"(max-width: 750px) 100vw, 750px\" \/><\/figure>\n<\/div>\n\n\n<p><span style=\"color: #0000ff;\"><strong>Notre avantage :<\/strong><\/span><br>(1).  Prix comp\u00e9titif, direct de l'usine ;<br>(2).  Service de personnalisation, conception gratuite, co\u00fbts d'outillage gratuits ;<br>(3).  100% Qualit\u00e9 garantie<br>(4).  Livraison dans les d\u00e9lais<br>(5).  Exp\u00e9dition dans le monde entier, frais d'exp\u00e9dition bon march\u00e9<\/p>\n\n\n\n<p><strong><span style=\"color: #0000ff;\">Notre certificat :<\/span><\/strong><\/p>\n\n\n<div class=\"wp-block-image\">\n<figure class=\"aligncenter\"><img decoding=\"async\" width=\"750\" height=\"401\" src=\"https:\/\/www.sanait.com\/wp-content\/uploads\/2022\/10\/Certificate.webp\" alt=\"Certificat\" class=\"wp-image-13586\" srcset=\"https:\/\/www.sanait.com\/wp-content\/uploads\/2022\/10\/Certificate.webp 750w, https:\/\/www.sanait.com\/wp-content\/uploads\/2022\/10\/Certificate-400x214.webp 400w\" sizes=\"(max-width: 750px) 100vw, 750px\" \/><\/figure>\n<\/div>\n\n\n<p><strong><span style=\"color: #0000ff;\">Quelques-uns de nos partenaires de coop\u00e9ration :<\/span><\/strong><\/p>\n\n\n<div class=\"wp-block-image\">\n<figure class=\"aligncenter size-full\"><img decoding=\"async\" width=\"750\" height=\"328\" src=\"https:\/\/www.sanait.com\/wp-content\/uploads\/2024\/08\/Some-Of-Our-Cooperation-Partners-1.webp\" alt=\"Quelques-uns de nos partenaires de coop\u00e9ration\" class=\"wp-image-20196\" srcset=\"https:\/\/www.sanait.com\/wp-content\/uploads\/2024\/08\/Some-Of-Our-Cooperation-Partners-1.webp 750w, https:\/\/www.sanait.com\/wp-content\/uploads\/2024\/08\/Some-Of-Our-Cooperation-Partners-1-400x175.webp 400w, https:\/\/www.sanait.com\/wp-content\/uploads\/2024\/08\/Some-Of-Our-Cooperation-Partners-1-200x87.webp 200w, https:\/\/www.sanait.com\/wp-content\/uploads\/2024\/08\/Some-Of-Our-Cooperation-Partners-1-18x8.webp 18w\" sizes=\"(max-width: 750px) 100vw, 750px\" \/><\/figure>\n<\/div>","protected":false},"excerpt":{"rendered":"","protected":false},"author":1,"featured_media":0,"parent":0,"menu_order":0,"comment_status":"closed","ping_status":"closed","template":"","meta":{"footnotes":""},"class_list":["post-55","page","type-page","status-publish","hentry"],"yoast_head":"<!-- This site is optimized with the Yoast SEO plugin v27.5 - https:\/\/yoast.com\/product\/yoast-seo-wordpress\/ -->\n<title>About us - China Acrylic Display Manufacturer \/ Acrylic Box Factory<\/title>\n<meta name=\"description\" content=\"Sanait Co.,Ltd is an acrylic display manufacturer located in Dongguan City, Guangdong Province, China. We specialized in manufacturing all kinds of acrylic display stands, acrylic boxes, makeup display, jewelry display etc. Free tool cost for custom orders.\" \/>\n<meta name=\"robots\" content=\"index, follow, max-snippet:-1, max-image-preview:large, max-video-preview:-1\" \/>\n<link rel=\"canonical\" href=\"https:\/\/www.sanait.com\/fr\/about-us\/\" \/>\n<meta property=\"og:locale\" content=\"fr_FR\" \/>\n<meta property=\"og:type\" content=\"article\" \/>\n<meta property=\"og:title\" content=\"About us - China Acrylic Display Manufacturer \/ Acrylic Box Factory\" \/>\n<meta property=\"og:description\" content=\"Sanait Co.,Ltd is an acrylic display manufacturer located in Dongguan City, Guangdong Province, China. We specialized in manufacturing all kinds of acrylic display stands, acrylic boxes, makeup display, jewelry display etc. Free tool cost for custom orders.\" \/>\n<meta property=\"og:url\" content=\"https:\/\/www.sanait.com\/fr\/about-us\/\" \/>\n<meta property=\"og:site_name\" content=\"Custom Acrylic Boxes, Acrylic Display Stands, Acrylic Blocks\" \/>\n<meta property=\"article:modified_time\" content=\"2024-08-23T08:13:12+00:00\" \/>\n<meta property=\"og:image\" content=\"https:\/\/www.sanait.com\/wp-content\/uploads\/2024\/08\/Our-Workshop-1.webp\" \/>\n<meta name=\"twitter:label1\" content=\"Dur\u00e9e de lecture estim\u00e9e\" \/>\n\t<meta name=\"twitter:data1\" content=\"2 minutes\" \/>\n<script type=\"application\/ld+json\" class=\"yoast-schema-graph\">{\"@context\":\"https:\\\/\\\/schema.org\",\"@graph\":[{\"@type\":\"WebPage\",\"@id\":\"https:\\\/\\\/www.sanait.com\\\/about-us\\\/\",\"url\":\"https:\\\/\\\/www.sanait.com\\\/about-us\\\/\",\"name\":\"About us - China Acrylic Display Manufacturer \\\/ Acrylic Box Factory\",\"isPartOf\":{\"@id\":\"https:\\\/\\\/www.sanait.com\\\/#website\"},\"primaryImageOfPage\":{\"@id\":\"https:\\\/\\\/www.sanait.com\\\/about-us\\\/#primaryimage\"},\"image\":{\"@id\":\"https:\\\/\\\/www.sanait.com\\\/about-us\\\/#primaryimage\"},\"thumbnailUrl\":\"https:\\\/\\\/www.sanait.com\\\/wp-content\\\/uploads\\\/2024\\\/08\\\/Our-Workshop-1.webp\",\"datePublished\":\"2016-12-02T05:37:39+00:00\",\"dateModified\":\"2024-08-23T08:13:12+00:00\",\"description\":\"Sanait Co.,Ltd is an acrylic display manufacturer located in Dongguan City, Guangdong Province, China. We specialized in manufacturing all kinds of acrylic display stands, acrylic boxes, makeup display, jewelry display etc. Free tool cost for custom orders.\",\"breadcrumb\":{\"@id\":\"https:\\\/\\\/www.sanait.com\\\/about-us\\\/#breadcrumb\"},\"inLanguage\":\"fr-FR\",\"potentialAction\":[{\"@type\":\"ReadAction\",\"target\":[\"https:\\\/\\\/www.sanait.com\\\/about-us\\\/\"]}]},{\"@type\":\"ImageObject\",\"inLanguage\":\"fr-FR\",\"@id\":\"https:\\\/\\\/www.sanait.com\\\/about-us\\\/#primaryimage\",\"url\":\"https:\\\/\\\/www.sanait.com\\\/wp-content\\\/uploads\\\/2024\\\/08\\\/Our-Workshop-1.webp\",\"contentUrl\":\"https:\\\/\\\/www.sanait.com\\\/wp-content\\\/uploads\\\/2024\\\/08\\\/Our-Workshop-1.webp\"},{\"@type\":\"BreadcrumbList\",\"@id\":\"https:\\\/\\\/www.sanait.com\\\/about-us\\\/#breadcrumb\",\"itemListElement\":[{\"@type\":\"ListItem\",\"position\":1,\"name\":\"Home\",\"item\":\"https:\\\/\\\/www.sanait.com\\\/\"},{\"@type\":\"ListItem\",\"position\":2,\"name\":\"About us\"}]},{\"@type\":\"WebSite\",\"@id\":\"https:\\\/\\\/www.sanait.com\\\/#website\",\"url\":\"https:\\\/\\\/www.sanait.com\\\/\",\"name\":\"Custom Acrylic Boxes, Acrylic Display Stands, Acrylic Blocks\",\"description\":\"China Acrylic Products Manufacturer\",\"publisher\":{\"@id\":\"https:\\\/\\\/www.sanait.com\\\/#organization\"},\"potentialAction\":[{\"@type\":\"SearchAction\",\"target\":{\"@type\":\"EntryPoint\",\"urlTemplate\":\"https:\\\/\\\/www.sanait.com\\\/?s={search_term_string}\"},\"query-input\":{\"@type\":\"PropertyValueSpecification\",\"valueRequired\":true,\"valueName\":\"search_term_string\"}}],\"inLanguage\":\"fr-FR\"},{\"@type\":\"Organization\",\"@id\":\"https:\\\/\\\/www.sanait.com\\\/#organization\",\"name\":\"Sanait Co Ltd\",\"url\":\"https:\\\/\\\/www.sanait.com\\\/\",\"logo\":{\"@type\":\"ImageObject\",\"inLanguage\":\"fr-FR\",\"@id\":\"https:\\\/\\\/www.sanait.com\\\/#\\\/schema\\\/logo\\\/image\\\/\",\"url\":\"https:\\\/\\\/www.sanait.com\\\/wp-content\\\/uploads\\\/2021\\\/07\\\/new-logo-20210714.png\",\"contentUrl\":\"https:\\\/\\\/www.sanait.com\\\/wp-content\\\/uploads\\\/2021\\\/07\\\/new-logo-20210714.png\",\"width\":395,\"height\":80,\"caption\":\"Sanait Co Ltd\"},\"image\":{\"@id\":\"https:\\\/\\\/www.sanait.com\\\/#\\\/schema\\\/logo\\\/image\\\/\"}}]}<\/script>\n<!-- \/ Yoast SEO plugin. -->","yoast_head_json":{"title":"A propos de nous - Fabricant chinois de pr\u00e9sentoirs en acrylique \/ Fabricant de bo\u00eetes en acrylique","description":"Sanait Co. est un fabricant de pr\u00e9sentoirs en acrylique situ\u00e9 \u00e0 Dongguan, dans la province de Guangdong, en Chine. Nous sommes sp\u00e9cialis\u00e9s dans la fabrication de toutes sortes de pr\u00e9sentoirs en acrylique, de bo\u00eetes en acrylique, de pr\u00e9sentoirs \u00e0 maquillage, de pr\u00e9sentoirs \u00e0 bijoux, etc. Co\u00fbt d'outillage gratuit pour les commandes personnalis\u00e9es.","robots":{"index":"index","follow":"follow","max-snippet":"max-snippet:-1","max-image-preview":"max-image-preview:large","max-video-preview":"max-video-preview:-1"},"canonical":"https:\/\/www.sanait.com\/fr\/about-us\/","og_locale":"fr_FR","og_type":"article","og_title":"About us - China Acrylic Display Manufacturer \/ Acrylic Box Factory","og_description":"Sanait Co.,Ltd is an acrylic display manufacturer located in Dongguan City, Guangdong Province, China. We specialized in manufacturing all kinds of acrylic display stands, acrylic boxes, makeup display, jewelry display etc. Free tool cost for custom orders.","og_url":"https:\/\/www.sanait.com\/fr\/about-us\/","og_site_name":"Custom Acrylic Boxes, Acrylic Display Stands, Acrylic Blocks","article_modified_time":"2024-08-23T08:13:12+00:00","og_image":[{"url":"https:\/\/www.sanait.com\/wp-content\/uploads\/2024\/08\/Our-Workshop-1.webp","type":"","width":"","height":""}],"twitter_misc":{"Dur\u00e9e de lecture estim\u00e9e":"2 minutes"},"schema":{"@context":"https:\/\/schema.org","@graph":[{"@type":"WebPage","@id":"https:\/\/www.sanait.com\/about-us\/","url":"https:\/\/www.sanait.com\/about-us\/","name":"A propos de nous - Fabricant chinois de pr\u00e9sentoirs en acrylique \/ Fabricant de bo\u00eetes en acrylique","isPartOf":{"@id":"https:\/\/www.sanait.com\/#website"},"primaryImageOfPage":{"@id":"https:\/\/www.sanait.com\/about-us\/#primaryimage"},"image":{"@id":"https:\/\/www.sanait.com\/about-us\/#primaryimage"},"thumbnailUrl":"https:\/\/www.sanait.com\/wp-content\/uploads\/2024\/08\/Our-Workshop-1.webp","datePublished":"2016-12-02T05:37:39+00:00","dateModified":"2024-08-23T08:13:12+00:00","description":"Sanait Co. est un fabricant de pr\u00e9sentoirs en acrylique situ\u00e9 \u00e0 Dongguan, dans la province de Guangdong, en Chine. Nous sommes sp\u00e9cialis\u00e9s dans la fabrication de toutes sortes de pr\u00e9sentoirs en acrylique, de bo\u00eetes en acrylique, de pr\u00e9sentoirs \u00e0 maquillage, de pr\u00e9sentoirs \u00e0 bijoux, etc. Co\u00fbt d'outillage gratuit pour les commandes personnalis\u00e9es.","breadcrumb":{"@id":"https:\/\/www.sanait.com\/about-us\/#breadcrumb"},"inLanguage":"fr-FR","potentialAction":[{"@type":"ReadAction","target":["https:\/\/www.sanait.com\/about-us\/"]}]},{"@type":"ImageObject","inLanguage":"fr-FR","@id":"https:\/\/www.sanait.com\/about-us\/#primaryimage","url":"https:\/\/www.sanait.com\/wp-content\/uploads\/2024\/08\/Our-Workshop-1.webp","contentUrl":"https:\/\/www.sanait.com\/wp-content\/uploads\/2024\/08\/Our-Workshop-1.webp"},{"@type":"BreadcrumbList","@id":"https:\/\/www.sanait.com\/about-us\/#breadcrumb","itemListElement":[{"@type":"ListItem","position":1,"name":"Home","item":"https:\/\/www.sanait.com\/"},{"@type":"ListItem","position":2,"name":"About us"}]},{"@type":"WebSite","@id":"https:\/\/www.sanait.com\/#website","url":"https:\/\/www.sanait.com\/","name":"Bo\u00eetes en acrylique personnalis\u00e9es, pr\u00e9sentoirs en acrylique, blocs en acrylique","description":"Fabricant chinois de produits acryliques","publisher":{"@id":"https:\/\/www.sanait.com\/#organization"},"potentialAction":[{"@type":"SearchAction","target":{"@type":"EntryPoint","urlTemplate":"https:\/\/www.sanait.com\/?s={search_term_string}"},"query-input":{"@type":"PropertyValueSpecification","valueRequired":true,"valueName":"search_term_string"}}],"inLanguage":"fr-FR"},{"@type":"Organization","@id":"https:\/\/www.sanait.com\/#organization","name":"Sanait Co Ltd","url":"https:\/\/www.sanait.com\/","logo":{"@type":"ImageObject","inLanguage":"fr-FR","@id":"https:\/\/www.sanait.com\/#\/schema\/logo\/image\/","url":"https:\/\/www.sanait.com\/wp-content\/uploads\/2021\/07\/new-logo-20210714.png","contentUrl":"https:\/\/www.sanait.com\/wp-content\/uploads\/2021\/07\/new-logo-20210714.png","width":395,"height":80,"caption":"Sanait Co Ltd"},"image":{"@id":"https:\/\/www.sanait.com\/#\/schema\/logo\/image\/"}}]}},"_links":{"self":[{"href":"https:\/\/www.sanait.com\/fr\/wp-json\/wp\/v2\/pages\/55","targetHints":{"allow":["GET"]}}],"collection":[{"href":"https:\/\/www.sanait.com\/fr\/wp-json\/wp\/v2\/pages"}],"about":[{"href":"https:\/\/www.sanait.com\/fr\/wp-json\/wp\/v2\/types\/page"}],"author":[{"embeddable":true,"href":"https:\/\/www.sanait.com\/fr\/wp-json\/wp\/v2\/users\/1"}],"replies":[{"embeddable":true,"href":"https:\/\/www.sanait.com\/fr\/wp-json\/wp\/v2\/comments?post=55"}],"version-history":[{"count":0,"href":"https:\/\/www.sanait.com\/fr\/wp-json\/wp\/v2\/pages\/55\/revisions"}],"wp:attachment":[{"href":"https:\/\/www.sanait.com\/fr\/wp-json\/wp\/v2\/media?parent=55"}],"curies":[{"name":"wp","href":"https:\/\/api.w.org\/{rel}","templated":true}]}}