{"id":18956,"date":"2024-04-06T18:02:33","date_gmt":"2024-04-06T10:02:33","guid":{"rendered":"https:\/\/www.sanait.com\/?page_id=18956"},"modified":"2024-04-06T18:12:57","modified_gmt":"2024-04-06T10:12:57","slug":"color-acrylic-swatches","status":"publish","type":"page","link":"https:\/\/www.sanait.com\/fr\/color-acrylic-swatches\/","title":{"rendered":"\u00c9chantillons de couleurs acryliques"},"content":{"rendered":"<p class=\"has-vivid-cyan-blue-color has-text-color has-link-color wp-elements-a9eefed27b6e423e46cbf94b7151887b\" style=\"font-size:16px\">Voici quelques normes&nbsp;<strong>\u00e9chantillons de couleurs acryliques<\/strong>&nbsp;pour r\u00e9f\u00e9rence. Si vous n'avez besoin que d'une petite quantit\u00e9 de produits acryliques, vous pouvez peut-\u00eatre choisir la couleur standard.<\/p>\n\n\n\n<p style=\"font-size:16px\"><strong>Si vous avez besoin de couleurs personnalis\u00e9es, veuillez nous indiquer les exigences sp\u00e9cifiques, nous pouvons les personnaliser pour vous.<\/strong><\/p>\n\n\n\n<figure class=\"wp-block-image size-full\"><img decoding=\"async\" width=\"900\" height=\"545\" src=\"https:\/\/www.sanait.com\/wp-content\/uploads\/2024\/04\/acrylic-swatches-1.jpg\" alt=\"\" class=\"wp-image-18957\" srcset=\"https:\/\/www.sanait.com\/wp-content\/uploads\/2024\/04\/acrylic-swatches-1.jpg 900w, https:\/\/www.sanait.com\/wp-content\/uploads\/2024\/04\/acrylic-swatches-1-400x242.jpg 400w, https:\/\/www.sanait.com\/wp-content\/uploads\/2024\/04\/acrylic-swatches-1-200x121.jpg 200w, https:\/\/www.sanait.com\/wp-content\/uploads\/2024\/04\/acrylic-swatches-1-768x465.jpg 768w, https:\/\/www.sanait.com\/wp-content\/uploads\/2024\/04\/acrylic-swatches-1-18x12.jpg 18w\" sizes=\"(max-width: 900px) 100vw, 900px\" \/><\/figure>\n\n\n\n<figure class=\"wp-block-image size-full\"><img decoding=\"async\" width=\"900\" height=\"545\" src=\"https:\/\/www.sanait.com\/wp-content\/uploads\/2024\/04\/acrylic-swatches-2.jpg\" alt=\"\" class=\"wp-image-18958\" srcset=\"https:\/\/www.sanait.com\/wp-content\/uploads\/2024\/04\/acrylic-swatches-2.jpg 900w, https:\/\/www.sanait.com\/wp-content\/uploads\/2024\/04\/acrylic-swatches-2-400x242.jpg 400w, https:\/\/www.sanait.com\/wp-content\/uploads\/2024\/04\/acrylic-swatches-2-200x121.jpg 200w, https:\/\/www.sanait.com\/wp-content\/uploads\/2024\/04\/acrylic-swatches-2-768x465.jpg 768w, https:\/\/www.sanait.com\/wp-content\/uploads\/2024\/04\/acrylic-swatches-2-18x12.jpg 18w\" sizes=\"(max-width: 900px) 100vw, 900px\" \/><\/figure>\n\n\n\n<figure class=\"wp-block-image size-full\"><img decoding=\"async\" width=\"900\" height=\"545\" src=\"https:\/\/www.sanait.com\/wp-content\/uploads\/2024\/04\/acrylic-swatches-3.jpg\" alt=\"\" class=\"wp-image-18959\" srcset=\"https:\/\/www.sanait.com\/wp-content\/uploads\/2024\/04\/acrylic-swatches-3.jpg 900w, https:\/\/www.sanait.com\/wp-content\/uploads\/2024\/04\/acrylic-swatches-3-400x242.jpg 400w, https:\/\/www.sanait.com\/wp-content\/uploads\/2024\/04\/acrylic-swatches-3-200x121.jpg 200w, https:\/\/www.sanait.com\/wp-content\/uploads\/2024\/04\/acrylic-swatches-3-768x465.jpg 768w, https:\/\/www.sanait.com\/wp-content\/uploads\/2024\/04\/acrylic-swatches-3-18x12.jpg 18w\" sizes=\"(max-width: 900px) 100vw, 900px\" \/><\/figure>\n\n\n\n<figure class=\"wp-block-image size-full\"><img decoding=\"async\" width=\"900\" height=\"545\" src=\"https:\/\/www.sanait.com\/wp-content\/uploads\/2024\/04\/acrylic-swatches-4.jpg\" alt=\"\" class=\"wp-image-18960\" srcset=\"https:\/\/www.sanait.com\/wp-content\/uploads\/2024\/04\/acrylic-swatches-4.jpg 900w, https:\/\/www.sanait.com\/wp-content\/uploads\/2024\/04\/acrylic-swatches-4-400x242.jpg 400w, https:\/\/www.sanait.com\/wp-content\/uploads\/2024\/04\/acrylic-swatches-4-200x121.jpg 200w, https:\/\/www.sanait.com\/wp-content\/uploads\/2024\/04\/acrylic-swatches-4-768x465.jpg 768w, https:\/\/www.sanait.com\/wp-content\/uploads\/2024\/04\/acrylic-swatches-4-18x12.jpg 18w\" sizes=\"(max-width: 900px) 100vw, 900px\" \/><\/figure>\n\n\n\n<figure class=\"wp-block-image size-full\"><img decoding=\"async\" width=\"900\" height=\"419\" src=\"https:\/\/www.sanait.com\/wp-content\/uploads\/2024\/04\/acrylic-swatches-5.jpg\" alt=\"\" class=\"wp-image-18961\" srcset=\"https:\/\/www.sanait.com\/wp-content\/uploads\/2024\/04\/acrylic-swatches-5.jpg 900w, https:\/\/www.sanait.com\/wp-content\/uploads\/2024\/04\/acrylic-swatches-5-400x186.jpg 400w, https:\/\/www.sanait.com\/wp-content\/uploads\/2024\/04\/acrylic-swatches-5-200x93.jpg 200w, https:\/\/www.sanait.com\/wp-content\/uploads\/2024\/04\/acrylic-swatches-5-768x358.jpg 768w, https:\/\/www.sanait.com\/wp-content\/uploads\/2024\/04\/acrylic-swatches-5-18x8.jpg 18w\" sizes=\"(max-width: 900px) 100vw, 900px\" \/><\/figure>","protected":false},"excerpt":{"rendered":"","protected":false},"author":1,"featured_media":0,"parent":0,"menu_order":0,"comment_status":"closed","ping_status":"closed","template":"","meta":{"footnotes":""},"class_list":["post-18956","page","type-page","status-publish","hentry"],"yoast_head":"<!-- This site is optimized with the Yoast SEO plugin v27.4 - https:\/\/yoast.com\/product\/yoast-seo-wordpress\/ -->\n<title>Color Acrylic Swatches - Custom Acrylic Boxes, Acrylic Display Stands, Acrylic Blocks<\/title>\n<meta name=\"robots\" content=\"index, follow, max-snippet:-1, max-image-preview:large, max-video-preview:-1\" \/>\n<link rel=\"canonical\" href=\"https:\/\/www.sanait.com\/fr\/color-acrylic-swatches\/\" \/>\n<meta property=\"og:locale\" content=\"fr_FR\" \/>\n<meta property=\"og:type\" content=\"article\" \/>\n<meta property=\"og:title\" content=\"Color Acrylic Swatches - Custom Acrylic Boxes, Acrylic Display Stands, Acrylic Blocks\" \/>\n<meta property=\"og:url\" content=\"https:\/\/www.sanait.com\/fr\/color-acrylic-swatches\/\" \/>\n<meta property=\"og:site_name\" content=\"Custom Acrylic Boxes, Acrylic Display Stands, Acrylic Blocks\" \/>\n<meta property=\"article:modified_time\" content=\"2024-04-06T10:12:57+00:00\" \/>\n<meta property=\"og:image\" content=\"https:\/\/www.sanait.com\/wp-content\/uploads\/2024\/04\/acrylic-swatches-1.jpg\" \/>\n<meta name=\"twitter:label1\" content=\"Dur\u00e9e de lecture estim\u00e9e\" \/>\n\t<meta name=\"twitter:data1\" content=\"2 minutes\" \/>\n<script type=\"application\/ld+json\" class=\"yoast-schema-graph\">{\"@context\":\"https:\\\/\\\/schema.org\",\"@graph\":[{\"@type\":\"WebPage\",\"@id\":\"https:\\\/\\\/www.sanait.com\\\/color-acrylic-swatches\\\/\",\"url\":\"https:\\\/\\\/www.sanait.com\\\/color-acrylic-swatches\\\/\",\"name\":\"Color Acrylic Swatches - Custom Acrylic Boxes, Acrylic Display Stands, Acrylic Blocks\",\"isPartOf\":{\"@id\":\"https:\\\/\\\/www.sanait.com\\\/#website\"},\"primaryImageOfPage\":{\"@id\":\"https:\\\/\\\/www.sanait.com\\\/color-acrylic-swatches\\\/#primaryimage\"},\"image\":{\"@id\":\"https:\\\/\\\/www.sanait.com\\\/color-acrylic-swatches\\\/#primaryimage\"},\"thumbnailUrl\":\"https:\\\/\\\/www.sanait.com\\\/wp-content\\\/uploads\\\/2024\\\/04\\\/acrylic-swatches-1.jpg\",\"datePublished\":\"2024-04-06T10:02:33+00:00\",\"dateModified\":\"2024-04-06T10:12:57+00:00\",\"breadcrumb\":{\"@id\":\"https:\\\/\\\/www.sanait.com\\\/color-acrylic-swatches\\\/#breadcrumb\"},\"inLanguage\":\"fr-FR\",\"potentialAction\":[{\"@type\":\"ReadAction\",\"target\":[\"https:\\\/\\\/www.sanait.com\\\/color-acrylic-swatches\\\/\"]}]},{\"@type\":\"ImageObject\",\"inLanguage\":\"fr-FR\",\"@id\":\"https:\\\/\\\/www.sanait.com\\\/color-acrylic-swatches\\\/#primaryimage\",\"url\":\"https:\\\/\\\/www.sanait.com\\\/wp-content\\\/uploads\\\/2024\\\/04\\\/acrylic-swatches-1.jpg\",\"contentUrl\":\"https:\\\/\\\/www.sanait.com\\\/wp-content\\\/uploads\\\/2024\\\/04\\\/acrylic-swatches-1.jpg\"},{\"@type\":\"BreadcrumbList\",\"@id\":\"https:\\\/\\\/www.sanait.com\\\/color-acrylic-swatches\\\/#breadcrumb\",\"itemListElement\":[{\"@type\":\"ListItem\",\"position\":1,\"name\":\"Home\",\"item\":\"https:\\\/\\\/www.sanait.com\\\/\"},{\"@type\":\"ListItem\",\"position\":2,\"name\":\"Color Acrylic Swatches\"}]},{\"@type\":\"WebSite\",\"@id\":\"https:\\\/\\\/www.sanait.com\\\/#website\",\"url\":\"https:\\\/\\\/www.sanait.com\\\/\",\"name\":\"Custom Acrylic Boxes, Acrylic Display Stands, Acrylic Blocks\",\"description\":\"China Acrylic Products Manufacturer\",\"publisher\":{\"@id\":\"https:\\\/\\\/www.sanait.com\\\/#organization\"},\"potentialAction\":[{\"@type\":\"SearchAction\",\"target\":{\"@type\":\"EntryPoint\",\"urlTemplate\":\"https:\\\/\\\/www.sanait.com\\\/?s={search_term_string}\"},\"query-input\":{\"@type\":\"PropertyValueSpecification\",\"valueRequired\":true,\"valueName\":\"search_term_string\"}}],\"inLanguage\":\"fr-FR\"},{\"@type\":\"Organization\",\"@id\":\"https:\\\/\\\/www.sanait.com\\\/#organization\",\"name\":\"Sanait Co Ltd\",\"url\":\"https:\\\/\\\/www.sanait.com\\\/\",\"logo\":{\"@type\":\"ImageObject\",\"inLanguage\":\"fr-FR\",\"@id\":\"https:\\\/\\\/www.sanait.com\\\/#\\\/schema\\\/logo\\\/image\\\/\",\"url\":\"https:\\\/\\\/www.sanait.com\\\/wp-content\\\/uploads\\\/2021\\\/07\\\/new-logo-20210714.png\",\"contentUrl\":\"https:\\\/\\\/www.sanait.com\\\/wp-content\\\/uploads\\\/2021\\\/07\\\/new-logo-20210714.png\",\"width\":395,\"height\":80,\"caption\":\"Sanait Co Ltd\"},\"image\":{\"@id\":\"https:\\\/\\\/www.sanait.com\\\/#\\\/schema\\\/logo\\\/image\\\/\"}}]}<\/script>\n<!-- \/ Yoast SEO plugin. -->","yoast_head_json":{"title":"\u00c9chantillons d'acrylique - Bo\u00eetes en acrylique personnalis\u00e9es, pr\u00e9sentoirs en acrylique, blocs en acrylique","robots":{"index":"index","follow":"follow","max-snippet":"max-snippet:-1","max-image-preview":"max-image-preview:large","max-video-preview":"max-video-preview:-1"},"canonical":"https:\/\/www.sanait.com\/fr\/color-acrylic-swatches\/","og_locale":"fr_FR","og_type":"article","og_title":"Color Acrylic Swatches - Custom Acrylic Boxes, Acrylic Display Stands, Acrylic Blocks","og_url":"https:\/\/www.sanait.com\/fr\/color-acrylic-swatches\/","og_site_name":"Custom Acrylic Boxes, Acrylic Display Stands, Acrylic Blocks","article_modified_time":"2024-04-06T10:12:57+00:00","og_image":[{"url":"https:\/\/www.sanait.com\/wp-content\/uploads\/2024\/04\/acrylic-swatches-1.jpg","type":"","width":"","height":""}],"twitter_misc":{"Dur\u00e9e de lecture estim\u00e9e":"2 minutes"},"schema":{"@context":"https:\/\/schema.org","@graph":[{"@type":"WebPage","@id":"https:\/\/www.sanait.com\/color-acrylic-swatches\/","url":"https:\/\/www.sanait.com\/color-acrylic-swatches\/","name":"\u00c9chantillons d'acrylique - Bo\u00eetes en acrylique personnalis\u00e9es, pr\u00e9sentoirs en acrylique, blocs en acrylique","isPartOf":{"@id":"https:\/\/www.sanait.com\/#website"},"primaryImageOfPage":{"@id":"https:\/\/www.sanait.com\/color-acrylic-swatches\/#primaryimage"},"image":{"@id":"https:\/\/www.sanait.com\/color-acrylic-swatches\/#primaryimage"},"thumbnailUrl":"https:\/\/www.sanait.com\/wp-content\/uploads\/2024\/04\/acrylic-swatches-1.jpg","datePublished":"2024-04-06T10:02:33+00:00","dateModified":"2024-04-06T10:12:57+00:00","breadcrumb":{"@id":"https:\/\/www.sanait.com\/color-acrylic-swatches\/#breadcrumb"},"inLanguage":"fr-FR","potentialAction":[{"@type":"ReadAction","target":["https:\/\/www.sanait.com\/color-acrylic-swatches\/"]}]},{"@type":"ImageObject","inLanguage":"fr-FR","@id":"https:\/\/www.sanait.com\/color-acrylic-swatches\/#primaryimage","url":"https:\/\/www.sanait.com\/wp-content\/uploads\/2024\/04\/acrylic-swatches-1.jpg","contentUrl":"https:\/\/www.sanait.com\/wp-content\/uploads\/2024\/04\/acrylic-swatches-1.jpg"},{"@type":"BreadcrumbList","@id":"https:\/\/www.sanait.com\/color-acrylic-swatches\/#breadcrumb","itemListElement":[{"@type":"ListItem","position":1,"name":"Home","item":"https:\/\/www.sanait.com\/"},{"@type":"ListItem","position":2,"name":"Color Acrylic Swatches"}]},{"@type":"WebSite","@id":"https:\/\/www.sanait.com\/#website","url":"https:\/\/www.sanait.com\/","name":"Bo\u00eetes en acrylique personnalis\u00e9es, pr\u00e9sentoirs en acrylique, blocs en acrylique","description":"Fabricant chinois de produits acryliques","publisher":{"@id":"https:\/\/www.sanait.com\/#organization"},"potentialAction":[{"@type":"SearchAction","target":{"@type":"EntryPoint","urlTemplate":"https:\/\/www.sanait.com\/?s={search_term_string}"},"query-input":{"@type":"PropertyValueSpecification","valueRequired":true,"valueName":"search_term_string"}}],"inLanguage":"fr-FR"},{"@type":"Organization","@id":"https:\/\/www.sanait.com\/#organization","name":"Sanait Co Ltd","url":"https:\/\/www.sanait.com\/","logo":{"@type":"ImageObject","inLanguage":"fr-FR","@id":"https:\/\/www.sanait.com\/#\/schema\/logo\/image\/","url":"https:\/\/www.sanait.com\/wp-content\/uploads\/2021\/07\/new-logo-20210714.png","contentUrl":"https:\/\/www.sanait.com\/wp-content\/uploads\/2021\/07\/new-logo-20210714.png","width":395,"height":80,"caption":"Sanait Co Ltd"},"image":{"@id":"https:\/\/www.sanait.com\/#\/schema\/logo\/image\/"}}]}},"_links":{"self":[{"href":"https:\/\/www.sanait.com\/fr\/wp-json\/wp\/v2\/pages\/18956","targetHints":{"allow":["GET"]}}],"collection":[{"href":"https:\/\/www.sanait.com\/fr\/wp-json\/wp\/v2\/pages"}],"about":[{"href":"https:\/\/www.sanait.com\/fr\/wp-json\/wp\/v2\/types\/page"}],"author":[{"embeddable":true,"href":"https:\/\/www.sanait.com\/fr\/wp-json\/wp\/v2\/users\/1"}],"replies":[{"embeddable":true,"href":"https:\/\/www.sanait.com\/fr\/wp-json\/wp\/v2\/comments?post=18956"}],"version-history":[{"count":0,"href":"https:\/\/www.sanait.com\/fr\/wp-json\/wp\/v2\/pages\/18956\/revisions"}],"wp:attachment":[{"href":"https:\/\/www.sanait.com\/fr\/wp-json\/wp\/v2\/media?parent=18956"}],"curies":[{"name":"wp","href":"https:\/\/api.w.org\/{rel}","templated":true}]}}