{"id":84,"date":"2016-12-02T14:46:51","date_gmt":"2016-12-02T06:46:51","guid":{"rendered":"http:\/\/rt18-t1028.bshark.com\/?page_id=84"},"modified":"2018-02-28T14:09:02","modified_gmt":"2018-02-28T06:09:02","slug":"contact-us","status":"publish","type":"page","link":"https:\/\/www.sanait.com\/es\/contact-us\/","title":{"rendered":"P\u00f3ngase en contacto con nosotros"},"content":{"rendered":"<p>Cont\u00e1ctenos - China fabricantes de expositores acr\u00edlicos, fabricantes de cajas acr\u00edlicas.<\/p>","protected":false},"excerpt":{"rendered":"","protected":false},"author":1,"featured_media":0,"parent":0,"menu_order":0,"comment_status":"open","ping_status":"closed","template":"","meta":{"footnotes":""},"class_list":["post-84","page","type-page","status-publish","hentry"],"yoast_head":"<!-- This site is optimized with the Yoast SEO plugin v27.5 - https:\/\/yoast.com\/product\/yoast-seo-wordpress\/ -->\n<title>Contact us - China acrylic box manufacturer, acrylic display manufacturer<\/title>\n<meta name=\"description\" content=\"If there are any questions, please feel free to contact us to get help from direct China acrylic display and boxes manufacturer. We will reply your inquiry in 12 hours. For urgent project, please call +86 13434568211.\" \/>\n<meta name=\"robots\" content=\"index, follow, max-snippet:-1, max-image-preview:large, max-video-preview:-1\" \/>\n<link rel=\"canonical\" href=\"https:\/\/www.sanait.com\/es\/contact-us\/\" \/>\n<meta property=\"og:locale\" content=\"es_ES\" \/>\n<meta property=\"og:type\" content=\"article\" \/>\n<meta property=\"og:title\" content=\"Contact us - China acrylic box manufacturer, acrylic display manufacturer\" \/>\n<meta property=\"og:description\" content=\"If there are any questions, please feel free to contact us to get help from direct China acrylic display and boxes manufacturer. We will reply your inquiry in 12 hours. For urgent project, please call +86 13434568211.\" \/>\n<meta property=\"og:url\" content=\"https:\/\/www.sanait.com\/es\/contact-us\/\" \/>\n<meta property=\"og:site_name\" content=\"Custom Acrylic Boxes, Acrylic Display Stands, Acrylic Blocks\" \/>\n<meta property=\"article:modified_time\" content=\"2018-02-28T06:09:02+00:00\" \/>\n<script type=\"application\/ld+json\" class=\"yoast-schema-graph\">{\"@context\":\"https:\\\/\\\/schema.org\",\"@graph\":[{\"@type\":\"WebPage\",\"@id\":\"https:\\\/\\\/www.sanait.com\\\/contact-us\\\/\",\"url\":\"https:\\\/\\\/www.sanait.com\\\/contact-us\\\/\",\"name\":\"Contact us - China acrylic box manufacturer, acrylic display manufacturer\",\"isPartOf\":{\"@id\":\"https:\\\/\\\/www.sanait.com\\\/#website\"},\"datePublished\":\"2016-12-02T06:46:51+00:00\",\"dateModified\":\"2018-02-28T06:09:02+00:00\",\"description\":\"If there are any questions, please feel free to contact us to get help from direct China acrylic display and boxes manufacturer. We will reply your inquiry in 12 hours. For urgent project, please call +86 13434568211.\",\"breadcrumb\":{\"@id\":\"https:\\\/\\\/www.sanait.com\\\/contact-us\\\/#breadcrumb\"},\"inLanguage\":\"es\",\"potentialAction\":[{\"@type\":\"ReadAction\",\"target\":[\"https:\\\/\\\/www.sanait.com\\\/contact-us\\\/\"]}]},{\"@type\":\"BreadcrumbList\",\"@id\":\"https:\\\/\\\/www.sanait.com\\\/contact-us\\\/#breadcrumb\",\"itemListElement\":[{\"@type\":\"ListItem\",\"position\":1,\"name\":\"Home\",\"item\":\"https:\\\/\\\/www.sanait.com\\\/\"},{\"@type\":\"ListItem\",\"position\":2,\"name\":\"Contact us\"}]},{\"@type\":\"WebSite\",\"@id\":\"https:\\\/\\\/www.sanait.com\\\/#website\",\"url\":\"https:\\\/\\\/www.sanait.com\\\/\",\"name\":\"Custom Acrylic Boxes, Acrylic Display Stands, Acrylic Blocks\",\"description\":\"China Acrylic Products Manufacturer\",\"publisher\":{\"@id\":\"https:\\\/\\\/www.sanait.com\\\/#organization\"},\"potentialAction\":[{\"@type\":\"SearchAction\",\"target\":{\"@type\":\"EntryPoint\",\"urlTemplate\":\"https:\\\/\\\/www.sanait.com\\\/?s={search_term_string}\"},\"query-input\":{\"@type\":\"PropertyValueSpecification\",\"valueRequired\":true,\"valueName\":\"search_term_string\"}}],\"inLanguage\":\"es\"},{\"@type\":\"Organization\",\"@id\":\"https:\\\/\\\/www.sanait.com\\\/#organization\",\"name\":\"Sanait Co Ltd\",\"url\":\"https:\\\/\\\/www.sanait.com\\\/\",\"logo\":{\"@type\":\"ImageObject\",\"inLanguage\":\"es\",\"@id\":\"https:\\\/\\\/www.sanait.com\\\/#\\\/schema\\\/logo\\\/image\\\/\",\"url\":\"https:\\\/\\\/www.sanait.com\\\/wp-content\\\/uploads\\\/2021\\\/07\\\/new-logo-20210714.png\",\"contentUrl\":\"https:\\\/\\\/www.sanait.com\\\/wp-content\\\/uploads\\\/2021\\\/07\\\/new-logo-20210714.png\",\"width\":395,\"height\":80,\"caption\":\"Sanait Co Ltd\"},\"image\":{\"@id\":\"https:\\\/\\\/www.sanait.com\\\/#\\\/schema\\\/logo\\\/image\\\/\"}}]}<\/script>\n<!-- \/ Yoast SEO plugin. -->","yoast_head_json":{"title":"Cont\u00e1ctenos - China acrylic box manufacturer, acrylic display manufacturer","description":"Si hay alguna pregunta, por favor no dude en contactar con nosotros para obtener ayuda de la pantalla de acr\u00edlico de China directa y fabricante de cajas. Vamos a responder a su consulta en 12 horas. Para el proyecto urgente, por favor llame al +86 13434568211.","robots":{"index":"index","follow":"follow","max-snippet":"max-snippet:-1","max-image-preview":"max-image-preview:large","max-video-preview":"max-video-preview:-1"},"canonical":"https:\/\/www.sanait.com\/es\/contact-us\/","og_locale":"es_ES","og_type":"article","og_title":"Contact us - China acrylic box manufacturer, acrylic display manufacturer","og_description":"If there are any questions, please feel free to contact us to get help from direct China acrylic display and boxes manufacturer. We will reply your inquiry in 12 hours. For urgent project, please call +86 13434568211.","og_url":"https:\/\/www.sanait.com\/es\/contact-us\/","og_site_name":"Custom Acrylic Boxes, Acrylic Display Stands, Acrylic Blocks","article_modified_time":"2018-02-28T06:09:02+00:00","schema":{"@context":"https:\/\/schema.org","@graph":[{"@type":"WebPage","@id":"https:\/\/www.sanait.com\/contact-us\/","url":"https:\/\/www.sanait.com\/contact-us\/","name":"Cont\u00e1ctenos - China acrylic box manufacturer, acrylic display manufacturer","isPartOf":{"@id":"https:\/\/www.sanait.com\/#website"},"datePublished":"2016-12-02T06:46:51+00:00","dateModified":"2018-02-28T06:09:02+00:00","description":"Si hay alguna pregunta, por favor no dude en contactar con nosotros para obtener ayuda de la pantalla de acr\u00edlico de China directa y fabricante de cajas. Vamos a responder a su consulta en 12 horas. Para el proyecto urgente, por favor llame al +86 13434568211.","breadcrumb":{"@id":"https:\/\/www.sanait.com\/contact-us\/#breadcrumb"},"inLanguage":"es","potentialAction":[{"@type":"ReadAction","target":["https:\/\/www.sanait.com\/contact-us\/"]}]},{"@type":"BreadcrumbList","@id":"https:\/\/www.sanait.com\/contact-us\/#breadcrumb","itemListElement":[{"@type":"ListItem","position":1,"name":"Home","item":"https:\/\/www.sanait.com\/"},{"@type":"ListItem","position":2,"name":"Contact us"}]},{"@type":"WebSite","@id":"https:\/\/www.sanait.com\/#website","url":"https:\/\/www.sanait.com\/","name":"Cajas acr\u00edlicas personalizadas, expositores acr\u00edlicos, bloques acr\u00edlicos","description":"China Fabricante de productos acr\u00edlicos","publisher":{"@id":"https:\/\/www.sanait.com\/#organization"},"potentialAction":[{"@type":"SearchAction","target":{"@type":"EntryPoint","urlTemplate":"https:\/\/www.sanait.com\/?s={search_term_string}"},"query-input":{"@type":"PropertyValueSpecification","valueRequired":true,"valueName":"search_term_string"}}],"inLanguage":"es"},{"@type":"Organization","@id":"https:\/\/www.sanait.com\/#organization","name":"Sanait Co Ltd","url":"https:\/\/www.sanait.com\/","logo":{"@type":"ImageObject","inLanguage":"es","@id":"https:\/\/www.sanait.com\/#\/schema\/logo\/image\/","url":"https:\/\/www.sanait.com\/wp-content\/uploads\/2021\/07\/new-logo-20210714.png","contentUrl":"https:\/\/www.sanait.com\/wp-content\/uploads\/2021\/07\/new-logo-20210714.png","width":395,"height":80,"caption":"Sanait Co Ltd"},"image":{"@id":"https:\/\/www.sanait.com\/#\/schema\/logo\/image\/"}}]}},"_links":{"self":[{"href":"https:\/\/www.sanait.com\/es\/wp-json\/wp\/v2\/pages\/84","targetHints":{"allow":["GET"]}}],"collection":[{"href":"https:\/\/www.sanait.com\/es\/wp-json\/wp\/v2\/pages"}],"about":[{"href":"https:\/\/www.sanait.com\/es\/wp-json\/wp\/v2\/types\/page"}],"author":[{"embeddable":true,"href":"https:\/\/www.sanait.com\/es\/wp-json\/wp\/v2\/users\/1"}],"replies":[{"embeddable":true,"href":"https:\/\/www.sanait.com\/es\/wp-json\/wp\/v2\/comments?post=84"}],"version-history":[{"count":0,"href":"https:\/\/www.sanait.com\/es\/wp-json\/wp\/v2\/pages\/84\/revisions"}],"wp:attachment":[{"href":"https:\/\/www.sanait.com\/es\/wp-json\/wp\/v2\/media?parent=84"}],"curies":[{"name":"wp","href":"https:\/\/api.w.org\/{rel}","templated":true}]}}