{"id":18956,"date":"2024-04-06T18:02:33","date_gmt":"2024-04-06T10:02:33","guid":{"rendered":"https:\/\/www.sanait.com\/?page_id=18956"},"modified":"2024-04-06T18:12:57","modified_gmt":"2024-04-06T10:12:57","slug":"color-acrylic-swatches","status":"publish","type":"page","link":"https:\/\/www.sanait.com\/es\/color-acrylic-swatches\/","title":{"rendered":"Muestras de acr\u00edlico de color"},"content":{"rendered":"<p class=\"has-vivid-cyan-blue-color has-text-color has-link-color wp-elements-a9eefed27b6e423e46cbf94b7151887b\" style=\"font-size:16px\">He aqu\u00ed algunas normas&nbsp;<strong>muestras de acr\u00edlico de color<\/strong>&nbsp;como referencia. Si s\u00f3lo necesita una peque\u00f1a cantidad de productos acr\u00edlicos, tal vez usted puede elegir entre el color est\u00e1ndar.<\/p>\n\n\n\n<p style=\"font-size:16px\"><strong>Si necesita colores personalizados, por favor d\u00edganos los requisitos espec\u00edficos, podemos personalizarlo para usted.<\/strong><\/p>\n\n\n\n<figure class=\"wp-block-image size-full\"><img decoding=\"async\" width=\"900\" height=\"545\" src=\"https:\/\/www.sanait.com\/wp-content\/uploads\/2024\/04\/acrylic-swatches-1.jpg\" alt=\"\" class=\"wp-image-18957\" srcset=\"https:\/\/www.sanait.com\/wp-content\/uploads\/2024\/04\/acrylic-swatches-1.jpg 900w, https:\/\/www.sanait.com\/wp-content\/uploads\/2024\/04\/acrylic-swatches-1-400x242.jpg 400w, https:\/\/www.sanait.com\/wp-content\/uploads\/2024\/04\/acrylic-swatches-1-200x121.jpg 200w, https:\/\/www.sanait.com\/wp-content\/uploads\/2024\/04\/acrylic-swatches-1-768x465.jpg 768w, https:\/\/www.sanait.com\/wp-content\/uploads\/2024\/04\/acrylic-swatches-1-18x12.jpg 18w\" sizes=\"(max-width: 900px) 100vw, 900px\" \/><\/figure>\n\n\n\n<figure class=\"wp-block-image size-full\"><img decoding=\"async\" width=\"900\" height=\"545\" src=\"https:\/\/www.sanait.com\/wp-content\/uploads\/2024\/04\/acrylic-swatches-2.jpg\" alt=\"\" class=\"wp-image-18958\" srcset=\"https:\/\/www.sanait.com\/wp-content\/uploads\/2024\/04\/acrylic-swatches-2.jpg 900w, https:\/\/www.sanait.com\/wp-content\/uploads\/2024\/04\/acrylic-swatches-2-400x242.jpg 400w, https:\/\/www.sanait.com\/wp-content\/uploads\/2024\/04\/acrylic-swatches-2-200x121.jpg 200w, https:\/\/www.sanait.com\/wp-content\/uploads\/2024\/04\/acrylic-swatches-2-768x465.jpg 768w, https:\/\/www.sanait.com\/wp-content\/uploads\/2024\/04\/acrylic-swatches-2-18x12.jpg 18w\" sizes=\"(max-width: 900px) 100vw, 900px\" \/><\/figure>\n\n\n\n<figure class=\"wp-block-image size-full\"><img decoding=\"async\" width=\"900\" height=\"545\" src=\"https:\/\/www.sanait.com\/wp-content\/uploads\/2024\/04\/acrylic-swatches-3.jpg\" alt=\"\" class=\"wp-image-18959\" srcset=\"https:\/\/www.sanait.com\/wp-content\/uploads\/2024\/04\/acrylic-swatches-3.jpg 900w, https:\/\/www.sanait.com\/wp-content\/uploads\/2024\/04\/acrylic-swatches-3-400x242.jpg 400w, https:\/\/www.sanait.com\/wp-content\/uploads\/2024\/04\/acrylic-swatches-3-200x121.jpg 200w, https:\/\/www.sanait.com\/wp-content\/uploads\/2024\/04\/acrylic-swatches-3-768x465.jpg 768w, https:\/\/www.sanait.com\/wp-content\/uploads\/2024\/04\/acrylic-swatches-3-18x12.jpg 18w\" sizes=\"(max-width: 900px) 100vw, 900px\" \/><\/figure>\n\n\n\n<figure class=\"wp-block-image size-full\"><img decoding=\"async\" width=\"900\" height=\"545\" src=\"https:\/\/www.sanait.com\/wp-content\/uploads\/2024\/04\/acrylic-swatches-4.jpg\" alt=\"\" class=\"wp-image-18960\" srcset=\"https:\/\/www.sanait.com\/wp-content\/uploads\/2024\/04\/acrylic-swatches-4.jpg 900w, https:\/\/www.sanait.com\/wp-content\/uploads\/2024\/04\/acrylic-swatches-4-400x242.jpg 400w, https:\/\/www.sanait.com\/wp-content\/uploads\/2024\/04\/acrylic-swatches-4-200x121.jpg 200w, https:\/\/www.sanait.com\/wp-content\/uploads\/2024\/04\/acrylic-swatches-4-768x465.jpg 768w, https:\/\/www.sanait.com\/wp-content\/uploads\/2024\/04\/acrylic-swatches-4-18x12.jpg 18w\" sizes=\"(max-width: 900px) 100vw, 900px\" \/><\/figure>\n\n\n\n<figure class=\"wp-block-image size-full\"><img decoding=\"async\" width=\"900\" height=\"419\" src=\"https:\/\/www.sanait.com\/wp-content\/uploads\/2024\/04\/acrylic-swatches-5.jpg\" alt=\"\" class=\"wp-image-18961\" srcset=\"https:\/\/www.sanait.com\/wp-content\/uploads\/2024\/04\/acrylic-swatches-5.jpg 900w, https:\/\/www.sanait.com\/wp-content\/uploads\/2024\/04\/acrylic-swatches-5-400x186.jpg 400w, https:\/\/www.sanait.com\/wp-content\/uploads\/2024\/04\/acrylic-swatches-5-200x93.jpg 200w, https:\/\/www.sanait.com\/wp-content\/uploads\/2024\/04\/acrylic-swatches-5-768x358.jpg 768w, https:\/\/www.sanait.com\/wp-content\/uploads\/2024\/04\/acrylic-swatches-5-18x8.jpg 18w\" sizes=\"(max-width: 900px) 100vw, 900px\" \/><\/figure>","protected":false},"excerpt":{"rendered":"","protected":false},"author":1,"featured_media":0,"parent":0,"menu_order":0,"comment_status":"closed","ping_status":"closed","template":"","meta":{"footnotes":""},"class_list":["post-18956","page","type-page","status-publish","hentry"],"yoast_head":"<!-- This site is optimized with the Yoast SEO plugin v27.3 - https:\/\/yoast.com\/product\/yoast-seo-wordpress\/ -->\n<title>Color Acrylic Swatches - Custom Acrylic Boxes, Acrylic Display Stands, Acrylic Blocks<\/title>\n<meta name=\"robots\" content=\"index, follow, max-snippet:-1, max-image-preview:large, max-video-preview:-1\" \/>\n<link rel=\"canonical\" href=\"https:\/\/www.sanait.com\/es\/color-acrylic-swatches\/\" \/>\n<meta property=\"og:locale\" content=\"es_ES\" \/>\n<meta property=\"og:type\" content=\"article\" \/>\n<meta property=\"og:title\" content=\"Color Acrylic Swatches - Custom Acrylic Boxes, Acrylic Display Stands, Acrylic Blocks\" \/>\n<meta property=\"og:url\" content=\"https:\/\/www.sanait.com\/es\/color-acrylic-swatches\/\" \/>\n<meta property=\"og:site_name\" content=\"Custom Acrylic Boxes, Acrylic Display Stands, Acrylic Blocks\" \/>\n<meta property=\"article:modified_time\" content=\"2024-04-06T10:12:57+00:00\" \/>\n<meta property=\"og:image\" content=\"https:\/\/www.sanait.com\/wp-content\/uploads\/2024\/04\/acrylic-swatches-1.jpg\" \/>\n<meta name=\"twitter:label1\" content=\"Tiempo de lectura\" \/>\n\t<meta name=\"twitter:data1\" content=\"2 minutos\" \/>\n<script type=\"application\/ld+json\" class=\"yoast-schema-graph\">{\"@context\":\"https:\\\/\\\/schema.org\",\"@graph\":[{\"@type\":\"WebPage\",\"@id\":\"https:\\\/\\\/www.sanait.com\\\/color-acrylic-swatches\\\/\",\"url\":\"https:\\\/\\\/www.sanait.com\\\/color-acrylic-swatches\\\/\",\"name\":\"Color Acrylic Swatches - Custom Acrylic Boxes, Acrylic Display Stands, Acrylic Blocks\",\"isPartOf\":{\"@id\":\"https:\\\/\\\/www.sanait.com\\\/#website\"},\"primaryImageOfPage\":{\"@id\":\"https:\\\/\\\/www.sanait.com\\\/color-acrylic-swatches\\\/#primaryimage\"},\"image\":{\"@id\":\"https:\\\/\\\/www.sanait.com\\\/color-acrylic-swatches\\\/#primaryimage\"},\"thumbnailUrl\":\"https:\\\/\\\/www.sanait.com\\\/wp-content\\\/uploads\\\/2024\\\/04\\\/acrylic-swatches-1.jpg\",\"datePublished\":\"2024-04-06T10:02:33+00:00\",\"dateModified\":\"2024-04-06T10:12:57+00:00\",\"breadcrumb\":{\"@id\":\"https:\\\/\\\/www.sanait.com\\\/color-acrylic-swatches\\\/#breadcrumb\"},\"inLanguage\":\"es\",\"potentialAction\":[{\"@type\":\"ReadAction\",\"target\":[\"https:\\\/\\\/www.sanait.com\\\/color-acrylic-swatches\\\/\"]}]},{\"@type\":\"ImageObject\",\"inLanguage\":\"es\",\"@id\":\"https:\\\/\\\/www.sanait.com\\\/color-acrylic-swatches\\\/#primaryimage\",\"url\":\"https:\\\/\\\/www.sanait.com\\\/wp-content\\\/uploads\\\/2024\\\/04\\\/acrylic-swatches-1.jpg\",\"contentUrl\":\"https:\\\/\\\/www.sanait.com\\\/wp-content\\\/uploads\\\/2024\\\/04\\\/acrylic-swatches-1.jpg\"},{\"@type\":\"BreadcrumbList\",\"@id\":\"https:\\\/\\\/www.sanait.com\\\/color-acrylic-swatches\\\/#breadcrumb\",\"itemListElement\":[{\"@type\":\"ListItem\",\"position\":1,\"name\":\"Home\",\"item\":\"https:\\\/\\\/www.sanait.com\\\/\"},{\"@type\":\"ListItem\",\"position\":2,\"name\":\"Color Acrylic Swatches\"}]},{\"@type\":\"WebSite\",\"@id\":\"https:\\\/\\\/www.sanait.com\\\/#website\",\"url\":\"https:\\\/\\\/www.sanait.com\\\/\",\"name\":\"Custom Acrylic Boxes, Acrylic Display Stands, Acrylic Blocks\",\"description\":\"China Acrylic Products Manufacturer\",\"publisher\":{\"@id\":\"https:\\\/\\\/www.sanait.com\\\/#organization\"},\"potentialAction\":[{\"@type\":\"SearchAction\",\"target\":{\"@type\":\"EntryPoint\",\"urlTemplate\":\"https:\\\/\\\/www.sanait.com\\\/?s={search_term_string}\"},\"query-input\":{\"@type\":\"PropertyValueSpecification\",\"valueRequired\":true,\"valueName\":\"search_term_string\"}}],\"inLanguage\":\"es\"},{\"@type\":\"Organization\",\"@id\":\"https:\\\/\\\/www.sanait.com\\\/#organization\",\"name\":\"Sanait Co Ltd\",\"url\":\"https:\\\/\\\/www.sanait.com\\\/\",\"logo\":{\"@type\":\"ImageObject\",\"inLanguage\":\"es\",\"@id\":\"https:\\\/\\\/www.sanait.com\\\/#\\\/schema\\\/logo\\\/image\\\/\",\"url\":\"https:\\\/\\\/www.sanait.com\\\/wp-content\\\/uploads\\\/2021\\\/07\\\/new-logo-20210714.png\",\"contentUrl\":\"https:\\\/\\\/www.sanait.com\\\/wp-content\\\/uploads\\\/2021\\\/07\\\/new-logo-20210714.png\",\"width\":395,\"height\":80,\"caption\":\"Sanait Co Ltd\"},\"image\":{\"@id\":\"https:\\\/\\\/www.sanait.com\\\/#\\\/schema\\\/logo\\\/image\\\/\"}}]}<\/script>\n<!-- \/ Yoast SEO plugin. -->","yoast_head_json":{"title":"Muestras de acr\u00edlico de color - Cajas acr\u00edlicas personalizadas, expositores acr\u00edlicos, bloques acr\u00edlicos","robots":{"index":"index","follow":"follow","max-snippet":"max-snippet:-1","max-image-preview":"max-image-preview:large","max-video-preview":"max-video-preview:-1"},"canonical":"https:\/\/www.sanait.com\/es\/color-acrylic-swatches\/","og_locale":"es_ES","og_type":"article","og_title":"Color Acrylic Swatches - Custom Acrylic Boxes, Acrylic Display Stands, Acrylic Blocks","og_url":"https:\/\/www.sanait.com\/es\/color-acrylic-swatches\/","og_site_name":"Custom Acrylic Boxes, Acrylic Display Stands, Acrylic Blocks","article_modified_time":"2024-04-06T10:12:57+00:00","og_image":[{"url":"https:\/\/www.sanait.com\/wp-content\/uploads\/2024\/04\/acrylic-swatches-1.jpg","type":"","width":"","height":""}],"twitter_misc":{"Tiempo de lectura":"2 minutos"},"schema":{"@context":"https:\/\/schema.org","@graph":[{"@type":"WebPage","@id":"https:\/\/www.sanait.com\/color-acrylic-swatches\/","url":"https:\/\/www.sanait.com\/color-acrylic-swatches\/","name":"Muestras de acr\u00edlico de color - Cajas acr\u00edlicas personalizadas, expositores acr\u00edlicos, bloques acr\u00edlicos","isPartOf":{"@id":"https:\/\/www.sanait.com\/#website"},"primaryImageOfPage":{"@id":"https:\/\/www.sanait.com\/color-acrylic-swatches\/#primaryimage"},"image":{"@id":"https:\/\/www.sanait.com\/color-acrylic-swatches\/#primaryimage"},"thumbnailUrl":"https:\/\/www.sanait.com\/wp-content\/uploads\/2024\/04\/acrylic-swatches-1.jpg","datePublished":"2024-04-06T10:02:33+00:00","dateModified":"2024-04-06T10:12:57+00:00","breadcrumb":{"@id":"https:\/\/www.sanait.com\/color-acrylic-swatches\/#breadcrumb"},"inLanguage":"es","potentialAction":[{"@type":"ReadAction","target":["https:\/\/www.sanait.com\/color-acrylic-swatches\/"]}]},{"@type":"ImageObject","inLanguage":"es","@id":"https:\/\/www.sanait.com\/color-acrylic-swatches\/#primaryimage","url":"https:\/\/www.sanait.com\/wp-content\/uploads\/2024\/04\/acrylic-swatches-1.jpg","contentUrl":"https:\/\/www.sanait.com\/wp-content\/uploads\/2024\/04\/acrylic-swatches-1.jpg"},{"@type":"BreadcrumbList","@id":"https:\/\/www.sanait.com\/color-acrylic-swatches\/#breadcrumb","itemListElement":[{"@type":"ListItem","position":1,"name":"Home","item":"https:\/\/www.sanait.com\/"},{"@type":"ListItem","position":2,"name":"Color Acrylic Swatches"}]},{"@type":"WebSite","@id":"https:\/\/www.sanait.com\/#website","url":"https:\/\/www.sanait.com\/","name":"Cajas acr\u00edlicas personalizadas, expositores acr\u00edlicos, bloques acr\u00edlicos","description":"China Fabricante de productos acr\u00edlicos","publisher":{"@id":"https:\/\/www.sanait.com\/#organization"},"potentialAction":[{"@type":"SearchAction","target":{"@type":"EntryPoint","urlTemplate":"https:\/\/www.sanait.com\/?s={search_term_string}"},"query-input":{"@type":"PropertyValueSpecification","valueRequired":true,"valueName":"search_term_string"}}],"inLanguage":"es"},{"@type":"Organization","@id":"https:\/\/www.sanait.com\/#organization","name":"Sanait Co Ltd","url":"https:\/\/www.sanait.com\/","logo":{"@type":"ImageObject","inLanguage":"es","@id":"https:\/\/www.sanait.com\/#\/schema\/logo\/image\/","url":"https:\/\/www.sanait.com\/wp-content\/uploads\/2021\/07\/new-logo-20210714.png","contentUrl":"https:\/\/www.sanait.com\/wp-content\/uploads\/2021\/07\/new-logo-20210714.png","width":395,"height":80,"caption":"Sanait Co Ltd"},"image":{"@id":"https:\/\/www.sanait.com\/#\/schema\/logo\/image\/"}}]}},"_links":{"self":[{"href":"https:\/\/www.sanait.com\/es\/wp-json\/wp\/v2\/pages\/18956","targetHints":{"allow":["GET"]}}],"collection":[{"href":"https:\/\/www.sanait.com\/es\/wp-json\/wp\/v2\/pages"}],"about":[{"href":"https:\/\/www.sanait.com\/es\/wp-json\/wp\/v2\/types\/page"}],"author":[{"embeddable":true,"href":"https:\/\/www.sanait.com\/es\/wp-json\/wp\/v2\/users\/1"}],"replies":[{"embeddable":true,"href":"https:\/\/www.sanait.com\/es\/wp-json\/wp\/v2\/comments?post=18956"}],"version-history":[{"count":0,"href":"https:\/\/www.sanait.com\/es\/wp-json\/wp\/v2\/pages\/18956\/revisions"}],"wp:attachment":[{"href":"https:\/\/www.sanait.com\/es\/wp-json\/wp\/v2\/media?parent=18956"}],"curies":[{"name":"wp","href":"https:\/\/api.w.org\/{rel}","templated":true}]}}