{"id":55,"date":"2016-12-02T13:37:39","date_gmt":"2016-12-02T05:37:39","guid":{"rendered":"http:\/\/rt18-t1028.bshark.com\/?page_id=55"},"modified":"2024-08-23T16:13:12","modified_gmt":"2024-08-23T08:13:12","slug":"about-us","status":"publish","type":"page","link":"https:\/\/www.sanait.com\/de\/about-us\/","title":{"rendered":"\u00dcber uns"},"content":{"rendered":"<p><strong>Sanait Co.,Ltd<\/strong> ist ein professioneller Hersteller von <strong><a href=\"https:\/\/www.sanait.com\/de\/products\/\" target=\"_blank\" rel=\"noreferrer noopener\">Acryl-Display-St\u00e4nder<\/a><\/strong> und <strong><a href=\"https:\/\/www.sanait.com\/de\/product\/acrylic-box\/\" target=\"_blank\" rel=\"noreferrer noopener\">Acryl-Boxen<\/a><\/strong>. Unsere Fabrik befindet sich in Dongguan City, Provinz Guangdong, China. Wir widmen uns der Bereitstellung hochwertiger kundenspezifischer Acrylprodukte und eines au\u00dfergew\u00f6hnlichen Kundendienstes. Unsere Fertigung Bereich von benutzerdefinierten Acryl steht, Acryl-Boxen, Acryl-Block, Laser geschnitten Plexiglas, Plexiglas Steigb\u00fcgel, Lucite Fall, Plexiglas Display-Box, benutzerdefinierte Serviertablett, Plexiglas-Container, Make-up steht, kosmetische Veranstalter, Prospekthalter, Schmuck steht, Lebensmittel Steigb\u00fcgelhalter, Bilderrahmen, Hotel &amp; Kantine liefert, Troph\u00e4en, Fischtanks, Lucite Serviertabletts, und andere Fertigung, etc.<\/p>\n\n\n\n<p>Wir verf\u00fcgen \u00fcber mehr als 10 Jahre Erfahrung in der Branche und verbessern kontinuierlich unsere Qualit\u00e4t, um den sich st\u00e4ndig \u00e4ndernden Anforderungen unserer Kunden gerecht zu werden. Unsere hochmodernen Fertigungsanlagen erm\u00f6glichen es uns, Produkte von h\u00f6chster Qualit\u00e4t herzustellen, und unsere strengen Qualit\u00e4tskontrollverfahren gew\u00e4hrleisten, dass jedes Produkt, das unser Werk verl\u00e4sst, den h\u00f6chsten Standards entspricht.<\/p>\n\n\n\n<p>Unser Ziel ist es, innovative und qualitativ hochwertige Produkte zu entwickeln, die das Gesamterlebnis f\u00fcr unsere Kunden verbessern. Wir legen gro\u00dfen Wert auf einen herzlichen und freundlichen Kundenservice und stehen Ihnen bei Fragen und Anliegen jederzeit gerne zur Verf\u00fcgung.<\/p>\n\n\n\n<p>Wir bei Sanait sind stolz auf unsere Qualit\u00e4t und wollen unseren Kunden die bestm\u00f6gliche Erfahrung bieten. Wenn Sie Fragen zu unseren Artikeln haben oder eine Bestellung aufgeben m\u00f6chten, z\u00f6gern Sie bitte nicht, uns zu kontaktieren.<\/p>\n\n\n\n<p>Vielen Dank, dass Sie Sanait in Betracht ziehen. Wir freuen uns auf die Gelegenheit, Ihnen helfen zu k\u00f6nnen!<\/p>\n\n\n<div class=\"wp-block-image\">\n<figure class=\"aligncenter\"><img decoding=\"async\" width=\"750\" height=\"614\" src=\"https:\/\/www.sanait.com\/wp-content\/uploads\/2024\/08\/Our-Workshop-1.webp\" alt=\"Unser Workshop\" class=\"wp-image-20193\" srcset=\"https:\/\/www.sanait.com\/wp-content\/uploads\/2024\/08\/Our-Workshop-1.webp 750w, https:\/\/www.sanait.com\/wp-content\/uploads\/2024\/08\/Our-Workshop-1-400x327.webp 400w, https:\/\/www.sanait.com\/wp-content\/uploads\/2024\/08\/Our-Workshop-1-200x164.webp 200w, https:\/\/www.sanait.com\/wp-content\/uploads\/2024\/08\/Our-Workshop-1-15x12.webp 15w\" sizes=\"(max-width: 750px) 100vw, 750px\" \/><\/figure>\n<\/div>\n\n\n<p><span style=\"color: #0000ff;\"><strong>Unser Vorteil:<\/strong><\/span><br>(1).  Fabrik direkt, konkurrenzf\u00e4higer Preis;<br>(2).  Anpassungsservice, freier Entwurf, freie Werkzeugkosten;<br>(3).  100% Garantierte Qualit\u00e4t<br>(4).  P\u00fcnktliche Lieferung<br>(5).  Weltweiter Versand, g\u00fcnstige Versandkosten<\/p>\n\n\n\n<p><strong><span style=\"color: #0000ff;\">Unser Zertifikat:<\/span><\/strong><\/p>\n\n\n<div class=\"wp-block-image\">\n<figure class=\"aligncenter\"><img decoding=\"async\" width=\"750\" height=\"401\" src=\"https:\/\/www.sanait.com\/wp-content\/uploads\/2022\/10\/Certificate.webp\" alt=\"Zertifikat\" class=\"wp-image-13586\" srcset=\"https:\/\/www.sanait.com\/wp-content\/uploads\/2022\/10\/Certificate.webp 750w, https:\/\/www.sanait.com\/wp-content\/uploads\/2022\/10\/Certificate-400x214.webp 400w\" sizes=\"(max-width: 750px) 100vw, 750px\" \/><\/figure>\n<\/div>\n\n\n<p><strong><span style=\"color: #0000ff;\">Einige unserer Kooperationspartner:<\/span><\/strong><\/p>\n\n\n<div class=\"wp-block-image\">\n<figure class=\"aligncenter size-full\"><img decoding=\"async\" width=\"750\" height=\"328\" src=\"https:\/\/www.sanait.com\/wp-content\/uploads\/2024\/08\/Some-Of-Our-Cooperation-Partners-1.webp\" alt=\"Einige unserer Kooperationspartner\" class=\"wp-image-20196\" srcset=\"https:\/\/www.sanait.com\/wp-content\/uploads\/2024\/08\/Some-Of-Our-Cooperation-Partners-1.webp 750w, https:\/\/www.sanait.com\/wp-content\/uploads\/2024\/08\/Some-Of-Our-Cooperation-Partners-1-400x175.webp 400w, https:\/\/www.sanait.com\/wp-content\/uploads\/2024\/08\/Some-Of-Our-Cooperation-Partners-1-200x87.webp 200w, https:\/\/www.sanait.com\/wp-content\/uploads\/2024\/08\/Some-Of-Our-Cooperation-Partners-1-18x8.webp 18w\" sizes=\"(max-width: 750px) 100vw, 750px\" \/><\/figure>\n<\/div>","protected":false},"excerpt":{"rendered":"","protected":false},"author":1,"featured_media":0,"parent":0,"menu_order":0,"comment_status":"closed","ping_status":"closed","template":"","meta":{"footnotes":""},"class_list":["post-55","page","type-page","status-publish","hentry"],"yoast_head":"<!-- This site is optimized with the Yoast SEO plugin v27.5 - https:\/\/yoast.com\/product\/yoast-seo-wordpress\/ -->\n<title>About us - China Acrylic Display Manufacturer \/ Acrylic Box Factory<\/title>\n<meta name=\"description\" content=\"Sanait Co.,Ltd is an acrylic display manufacturer located in Dongguan City, Guangdong Province, China. We specialized in manufacturing all kinds of acrylic display stands, acrylic boxes, makeup display, jewelry display etc. Free tool cost for custom orders.\" \/>\n<meta name=\"robots\" content=\"index, follow, max-snippet:-1, max-image-preview:large, max-video-preview:-1\" \/>\n<link rel=\"canonical\" href=\"https:\/\/www.sanait.com\/de\/about-us\/\" \/>\n<meta property=\"og:locale\" content=\"de_DE\" \/>\n<meta property=\"og:type\" content=\"article\" \/>\n<meta property=\"og:title\" content=\"About us - China Acrylic Display Manufacturer \/ Acrylic Box Factory\" \/>\n<meta property=\"og:description\" content=\"Sanait Co.,Ltd is an acrylic display manufacturer located in Dongguan City, Guangdong Province, China. We specialized in manufacturing all kinds of acrylic display stands, acrylic boxes, makeup display, jewelry display etc. Free tool cost for custom orders.\" \/>\n<meta property=\"og:url\" content=\"https:\/\/www.sanait.com\/de\/about-us\/\" \/>\n<meta property=\"og:site_name\" content=\"Custom Acrylic Boxes, Acrylic Display Stands, Acrylic Blocks\" \/>\n<meta property=\"article:modified_time\" content=\"2024-08-23T08:13:12+00:00\" \/>\n<meta property=\"og:image\" content=\"https:\/\/www.sanait.com\/wp-content\/uploads\/2024\/08\/Our-Workshop-1.webp\" \/>\n<meta name=\"twitter:label1\" content=\"Gesch\u00e4tzte Lesezeit\" \/>\n\t<meta name=\"twitter:data1\" content=\"2\u00a0Minuten\" \/>\n<script type=\"application\/ld+json\" class=\"yoast-schema-graph\">{\"@context\":\"https:\\\/\\\/schema.org\",\"@graph\":[{\"@type\":\"WebPage\",\"@id\":\"https:\\\/\\\/www.sanait.com\\\/about-us\\\/\",\"url\":\"https:\\\/\\\/www.sanait.com\\\/about-us\\\/\",\"name\":\"About us - China Acrylic Display Manufacturer \\\/ Acrylic Box Factory\",\"isPartOf\":{\"@id\":\"https:\\\/\\\/www.sanait.com\\\/#website\"},\"primaryImageOfPage\":{\"@id\":\"https:\\\/\\\/www.sanait.com\\\/about-us\\\/#primaryimage\"},\"image\":{\"@id\":\"https:\\\/\\\/www.sanait.com\\\/about-us\\\/#primaryimage\"},\"thumbnailUrl\":\"https:\\\/\\\/www.sanait.com\\\/wp-content\\\/uploads\\\/2024\\\/08\\\/Our-Workshop-1.webp\",\"datePublished\":\"2016-12-02T05:37:39+00:00\",\"dateModified\":\"2024-08-23T08:13:12+00:00\",\"description\":\"Sanait Co.,Ltd is an acrylic display manufacturer located in Dongguan City, Guangdong Province, China. We specialized in manufacturing all kinds of acrylic display stands, acrylic boxes, makeup display, jewelry display etc. Free tool cost for custom orders.\",\"breadcrumb\":{\"@id\":\"https:\\\/\\\/www.sanait.com\\\/about-us\\\/#breadcrumb\"},\"inLanguage\":\"de\",\"potentialAction\":[{\"@type\":\"ReadAction\",\"target\":[\"https:\\\/\\\/www.sanait.com\\\/about-us\\\/\"]}]},{\"@type\":\"ImageObject\",\"inLanguage\":\"de\",\"@id\":\"https:\\\/\\\/www.sanait.com\\\/about-us\\\/#primaryimage\",\"url\":\"https:\\\/\\\/www.sanait.com\\\/wp-content\\\/uploads\\\/2024\\\/08\\\/Our-Workshop-1.webp\",\"contentUrl\":\"https:\\\/\\\/www.sanait.com\\\/wp-content\\\/uploads\\\/2024\\\/08\\\/Our-Workshop-1.webp\"},{\"@type\":\"BreadcrumbList\",\"@id\":\"https:\\\/\\\/www.sanait.com\\\/about-us\\\/#breadcrumb\",\"itemListElement\":[{\"@type\":\"ListItem\",\"position\":1,\"name\":\"Home\",\"item\":\"https:\\\/\\\/www.sanait.com\\\/\"},{\"@type\":\"ListItem\",\"position\":2,\"name\":\"About us\"}]},{\"@type\":\"WebSite\",\"@id\":\"https:\\\/\\\/www.sanait.com\\\/#website\",\"url\":\"https:\\\/\\\/www.sanait.com\\\/\",\"name\":\"Custom Acrylic Boxes, Acrylic Display Stands, Acrylic Blocks\",\"description\":\"China Acrylic Products Manufacturer\",\"publisher\":{\"@id\":\"https:\\\/\\\/www.sanait.com\\\/#organization\"},\"potentialAction\":[{\"@type\":\"SearchAction\",\"target\":{\"@type\":\"EntryPoint\",\"urlTemplate\":\"https:\\\/\\\/www.sanait.com\\\/?s={search_term_string}\"},\"query-input\":{\"@type\":\"PropertyValueSpecification\",\"valueRequired\":true,\"valueName\":\"search_term_string\"}}],\"inLanguage\":\"de\"},{\"@type\":\"Organization\",\"@id\":\"https:\\\/\\\/www.sanait.com\\\/#organization\",\"name\":\"Sanait Co Ltd\",\"url\":\"https:\\\/\\\/www.sanait.com\\\/\",\"logo\":{\"@type\":\"ImageObject\",\"inLanguage\":\"de\",\"@id\":\"https:\\\/\\\/www.sanait.com\\\/#\\\/schema\\\/logo\\\/image\\\/\",\"url\":\"https:\\\/\\\/www.sanait.com\\\/wp-content\\\/uploads\\\/2021\\\/07\\\/new-logo-20210714.png\",\"contentUrl\":\"https:\\\/\\\/www.sanait.com\\\/wp-content\\\/uploads\\\/2021\\\/07\\\/new-logo-20210714.png\",\"width\":395,\"height\":80,\"caption\":\"Sanait Co Ltd\"},\"image\":{\"@id\":\"https:\\\/\\\/www.sanait.com\\\/#\\\/schema\\\/logo\\\/image\\\/\"}}]}<\/script>\n<!-- \/ Yoast SEO plugin. -->","yoast_head_json":{"title":"\u00dcber uns - China Acryl Display Hersteller \/ Acryl Box Fabrik","description":"Sanait Co., Ltd ist ein Hersteller von Acryl-Displays mit Sitz in Dongguan City, Provinz Guangdong, China. Wir sind spezialisiert auf die Herstellung aller Arten von Acryl-Display steht, Acryl-Boxen, Make-up-Display, Schmuck Display etc. Kostenlose Werkzeugkosten f\u00fcr kundenspezifische Auftr\u00e4ge.","robots":{"index":"index","follow":"follow","max-snippet":"max-snippet:-1","max-image-preview":"max-image-preview:large","max-video-preview":"max-video-preview:-1"},"canonical":"https:\/\/www.sanait.com\/de\/about-us\/","og_locale":"de_DE","og_type":"article","og_title":"About us - China Acrylic Display Manufacturer \/ Acrylic Box Factory","og_description":"Sanait Co.,Ltd is an acrylic display manufacturer located in Dongguan City, Guangdong Province, China. We specialized in manufacturing all kinds of acrylic display stands, acrylic boxes, makeup display, jewelry display etc. Free tool cost for custom orders.","og_url":"https:\/\/www.sanait.com\/de\/about-us\/","og_site_name":"Custom Acrylic Boxes, Acrylic Display Stands, Acrylic Blocks","article_modified_time":"2024-08-23T08:13:12+00:00","og_image":[{"url":"https:\/\/www.sanait.com\/wp-content\/uploads\/2024\/08\/Our-Workshop-1.webp","type":"","width":"","height":""}],"twitter_misc":{"Gesch\u00e4tzte Lesezeit":"2\u00a0Minuten"},"schema":{"@context":"https:\/\/schema.org","@graph":[{"@type":"WebPage","@id":"https:\/\/www.sanait.com\/about-us\/","url":"https:\/\/www.sanait.com\/about-us\/","name":"\u00dcber uns - China Acryl Display Hersteller \/ Acryl Box Fabrik","isPartOf":{"@id":"https:\/\/www.sanait.com\/#website"},"primaryImageOfPage":{"@id":"https:\/\/www.sanait.com\/about-us\/#primaryimage"},"image":{"@id":"https:\/\/www.sanait.com\/about-us\/#primaryimage"},"thumbnailUrl":"https:\/\/www.sanait.com\/wp-content\/uploads\/2024\/08\/Our-Workshop-1.webp","datePublished":"2016-12-02T05:37:39+00:00","dateModified":"2024-08-23T08:13:12+00:00","description":"Sanait Co., Ltd ist ein Hersteller von Acryl-Displays mit Sitz in Dongguan City, Provinz Guangdong, China. Wir sind spezialisiert auf die Herstellung aller Arten von Acryl-Display steht, Acryl-Boxen, Make-up-Display, Schmuck Display etc. Kostenlose Werkzeugkosten f\u00fcr kundenspezifische Auftr\u00e4ge.","breadcrumb":{"@id":"https:\/\/www.sanait.com\/about-us\/#breadcrumb"},"inLanguage":"de","potentialAction":[{"@type":"ReadAction","target":["https:\/\/www.sanait.com\/about-us\/"]}]},{"@type":"ImageObject","inLanguage":"de","@id":"https:\/\/www.sanait.com\/about-us\/#primaryimage","url":"https:\/\/www.sanait.com\/wp-content\/uploads\/2024\/08\/Our-Workshop-1.webp","contentUrl":"https:\/\/www.sanait.com\/wp-content\/uploads\/2024\/08\/Our-Workshop-1.webp"},{"@type":"BreadcrumbList","@id":"https:\/\/www.sanait.com\/about-us\/#breadcrumb","itemListElement":[{"@type":"ListItem","position":1,"name":"Home","item":"https:\/\/www.sanait.com\/"},{"@type":"ListItem","position":2,"name":"About us"}]},{"@type":"WebSite","@id":"https:\/\/www.sanait.com\/#website","url":"https:\/\/www.sanait.com\/","name":"Kundenspezifische Acryl-Boxen, Acryl-Display-St\u00e4nder, Acryl-Bl\u00f6cke","description":"China Acryl Produkte Hersteller","publisher":{"@id":"https:\/\/www.sanait.com\/#organization"},"potentialAction":[{"@type":"SearchAction","target":{"@type":"EntryPoint","urlTemplate":"https:\/\/www.sanait.com\/?s={search_term_string}"},"query-input":{"@type":"PropertyValueSpecification","valueRequired":true,"valueName":"search_term_string"}}],"inLanguage":"de"},{"@type":"Organization","@id":"https:\/\/www.sanait.com\/#organization","name":"Sanait Co Ltd","url":"https:\/\/www.sanait.com\/","logo":{"@type":"ImageObject","inLanguage":"de","@id":"https:\/\/www.sanait.com\/#\/schema\/logo\/image\/","url":"https:\/\/www.sanait.com\/wp-content\/uploads\/2021\/07\/new-logo-20210714.png","contentUrl":"https:\/\/www.sanait.com\/wp-content\/uploads\/2021\/07\/new-logo-20210714.png","width":395,"height":80,"caption":"Sanait Co Ltd"},"image":{"@id":"https:\/\/www.sanait.com\/#\/schema\/logo\/image\/"}}]}},"_links":{"self":[{"href":"https:\/\/www.sanait.com\/de\/wp-json\/wp\/v2\/pages\/55","targetHints":{"allow":["GET"]}}],"collection":[{"href":"https:\/\/www.sanait.com\/de\/wp-json\/wp\/v2\/pages"}],"about":[{"href":"https:\/\/www.sanait.com\/de\/wp-json\/wp\/v2\/types\/page"}],"author":[{"embeddable":true,"href":"https:\/\/www.sanait.com\/de\/wp-json\/wp\/v2\/users\/1"}],"replies":[{"embeddable":true,"href":"https:\/\/www.sanait.com\/de\/wp-json\/wp\/v2\/comments?post=55"}],"version-history":[{"count":0,"href":"https:\/\/www.sanait.com\/de\/wp-json\/wp\/v2\/pages\/55\/revisions"}],"wp:attachment":[{"href":"https:\/\/www.sanait.com\/de\/wp-json\/wp\/v2\/media?parent=55"}],"curies":[{"name":"wp","href":"https:\/\/api.w.org\/{rel}","templated":true}]}}